{"id":857,"date":"2025-03-03T14:47:06","date_gmt":"2025-03-03T05:47:06","guid":{"rendered":"https:\/\/marutomi-sangyou.co.jp\/wordpress\/?page_id=857"},"modified":"2025-03-03T16:10:20","modified_gmt":"2025-03-03T07:10:20","slug":"req_rent","status":"publish","type":"page","link":"https:\/\/marutomi-sangyou.co.jp\/wordpress\/req_rent\/","title":{"rendered":"\u8cc3\u8cb8\u7269\u4ef6\u30ea\u30af\u30a8\u30b9\u30c8"},"content":{"rendered":"\n<h2 class=\"wp-block-heading has-text-align-center\">\u8cc3\u8cb8\u7269\u4ef6\u30ea\u30af\u30a8\u30b9\u30c8<\/h2>\n\n\n\n<figure class=\"wp-block-image size-large\"><img decoding=\"async\" width=\"1024\" height=\"765\" src=\"https:\/\/marutomi-sangyou.co.jp\/wordpress\/wp-content\/uploads\/2025\/03\/28937527_m-1-1024x765.jpg\" alt=\"\" class=\"wp-image-886\" srcset=\"https:\/\/marutomi-sangyou.co.jp\/wordpress\/wp-content\/uploads\/2025\/03\/28937527_m-1-1024x765.jpg 1024w, https:\/\/marutomi-sangyou.co.jp\/wordpress\/wp-content\/uploads\/2025\/03\/28937527_m-1-300x224.jpg 300w, https:\/\/marutomi-sangyou.co.jp\/wordpress\/wp-content\/uploads\/2025\/03\/28937527_m-1-768x574.jpg 768w, https:\/\/marutomi-sangyou.co.jp\/wordpress\/wp-content\/uploads\/2025\/03\/28937527_m-1-1536x1147.jpg 1536w, https:\/\/marutomi-sangyou.co.jp\/wordpress\/wp-content\/uploads\/2025\/03\/28937527_m-1.jpg 1920w\" sizes=\"(max-width: 1024px) 100vw, 1024px\" \/><\/figure>\n\n\n\n<div class=\"wp-block-contact-form-7-contact-form-selector\">\n<div class=\"wpcf7 no-js\" id=\"wpcf7-f856-o1\" lang=\"ja\" dir=\"ltr\" data-wpcf7-id=\"856\">\n<div class=\"screen-reader-response\"><p role=\"status\" aria-live=\"polite\" aria-atomic=\"true\"><\/p> <ul><\/ul><\/div>\n<form action=\"\/wordpress\/wp-json\/wp\/v2\/pages\/857#wpcf7-f856-o1\" method=\"post\" class=\"wpcf7-form init\" aria-label=\"\u30b3\u30f3\u30bf\u30af\u30c8\u30d5\u30a9\u30fc\u30e0\" novalidate=\"novalidate\" data-status=\"init\">\n<div style=\"display: none;\">\n<input type=\"hidden\" name=\"_wpcf7\" value=\"856\" \/>\n<input type=\"hidden\" name=\"_wpcf7_version\" value=\"6.0.4\" \/>\n<input type=\"hidden\" name=\"_wpcf7_locale\" value=\"ja\" \/>\n<input type=\"hidden\" name=\"_wpcf7_unit_tag\" value=\"wpcf7-f856-o1\" \/>\n<input type=\"hidden\" name=\"_wpcf7_container_post\" value=\"0\" \/>\n<input type=\"hidden\" name=\"_wpcf7_posted_data_hash\" value=\"\" \/>\n<input type=\"hidden\" name=\"_wpcf7_recaptcha_response\" value=\"\" \/>\n<\/div>\n<table class=\"CF7_table\">\n\t<tr>\n\t\t<th colspan=\"2\"align=\"center\">\n\t\t\t<p>\u304a\u63a2\u3057\u306e\u8cc3\u8cb8\u7269\u4ef6\u306b\u3064\u3044\u3066\n\t\t\t<\/p>\n\t\t<\/th>\n\t<\/tr>\n\t<tr>\n\t\t<th>\n\t\t\t<p>\u4e0d\u52d5\u7523\u7a2e\u5225\n\t\t\t<\/p>\n\t\t<\/th>\n\t\t<td>\n\t\t\t<p><span class=\"wpcf7-form-control-wrap\" data-name=\"radio-362\"><span class=\"wpcf7-form-control wpcf7-radio\"><span class=\"wpcf7-list-item first\"><label><input type=\"radio\" name=\"radio-362\" value=\"\u4e00\u6238\u5efa\u3066\" \/><span class=\"wpcf7-list-item-label\">\u4e00\u6238\u5efa\u3066<\/span><\/label><\/span><span class=\"wpcf7-list-item\"><label><input type=\"radio\" name=\"radio-362\" value=\"\u30de\u30f3\u30b7\u30e7\u30f3\" \/><span class=\"wpcf7-list-item-label\">\u30de\u30f3\u30b7\u30e7\u30f3<\/span><\/label><\/span><span class=\"wpcf7-list-item\"><label><input type=\"radio\" name=\"radio-362\" value=\"\u30a2\u30d1\u30fc\u30c8\" \/><span class=\"wpcf7-list-item-label\">\u30a2\u30d1\u30fc\u30c8<\/span><\/label><\/span><span class=\"wpcf7-list-item last\"><label><input type=\"radio\" name=\"radio-362\" value=\"\u305d\u306e\u4ed6\" \/><span class=\"wpcf7-list-item-label\">\u305d\u306e\u4ed6<\/span><\/label><\/span><\/span><\/span><span class=\"wpcf7-form-control-wrap\" data-name=\"textarea-883\"><textarea cols=\"40\" rows=\"3\" maxlength=\"2000\" class=\"wpcf7-form-control wpcf7-textarea\" aria-invalid=\"false\" name=\"textarea-883\"><\/textarea><\/span>\n\t\t\t<\/p>\n\t\t<\/td>\n\t<\/tr>\n\t<tr>\n\t\t<th>\n\t\t\t<p>\u3054\u5e0c\u671b\u306e\u5730\u57df\n\t\t\t<\/p>\n\t\t<\/th>\n\t\t<td>\n\t\t\t<p><span class=\"wpcf7-form-control-wrap\" data-name=\"text-204\"><input size=\"40\" maxlength=\"400\" class=\"wpcf7-form-control wpcf7-text\" aria-invalid=\"false\" placeholder=\"\u4f8b\uff1a\u672d\u5e4c\u5e02\u25cb\u25cb\u533a\" value=\"\" type=\"text\" name=\"text-204\" \/><\/span>\n\t\t\t<\/p>\n\t\t<\/td>\n\t<\/tr>\n\t<tr>\n\t\t<th>\n\t\t\t<p>\u4ea4\u901a\u6a5f\u95a2\n\t\t\t<\/p>\n\t\t<\/th>\n\t\t<td>\n\t\t\t<p><span class=\"wpcf7-form-control-wrap\" data-name=\"text-205\"><input size=\"40\" maxlength=\"400\" class=\"wpcf7-form-control wpcf7-text\" aria-invalid=\"false\" placeholder=\"\u4f8b\uff1a\u5730\u4e0b\u9244\u6771\u897f\u7dda\u25cb\u25cb\u99c5\u6cbf\u7dda\" value=\"\" type=\"text\" name=\"text-205\" \/><\/span><br \/>\n\u5f92\u6b69<span class=\"wpcf7-form-control-wrap\" data-name=\"text-637\"><input size=\"10\" maxlength=\"400\" class=\"wpcf7-form-control wpcf7-text\" aria-invalid=\"false\" value=\"\" type=\"text\" name=\"text-637\" \/><\/span>\u5206\u4ee5\u5185\n\t\t\t<\/p>\n\t\t<\/td>\n\t<\/tr>\n\t<tr>\n\t\t<th>\n\t\t\t<p>\u3054\u5e0c\u671b\u306e\u9593\u53d6\u308a\u30fb\u9762\u7a4d\n\t\t\t<\/p>\n\t\t<\/th>\n\t\t<td>\n\t\t\t<p>\u9593\u53d6\u308a<span class=\"wpcf7-form-control-wrap\" data-name=\"text-648\"><input size=\"10\" maxlength=\"400\" class=\"wpcf7-form-control wpcf7-text\" aria-invalid=\"false\" value=\"\" type=\"text\" name=\"text-648\" \/><\/span><br \/>\n\u9762\u7a4d<span class=\"wpcf7-form-control-wrap\" data-name=\"text-747\"><input size=\"10\" maxlength=\"400\" class=\"wpcf7-form-control wpcf7-text\" aria-invalid=\"false\" value=\"\" type=\"text\" name=\"text-747\" \/><\/span>\u33a1\n\t\t\t<\/p>\n\t\t<\/td>\n\t<\/tr>\n\t<tr>\n\t\t<th>\n\t\t\t<p>\u99d0\u8eca\u5834\n\t\t\t<\/p>\n\t\t<\/th>\n\t\t<td>\n\t\t\t<p><span class=\"wpcf7-form-control-wrap\" data-name=\"radio-451\"><span class=\"wpcf7-form-control wpcf7-radio\"><span class=\"wpcf7-list-item first\"><label><input type=\"radio\" name=\"radio-451\" value=\"\u4e0d\u8981\" \/><span class=\"wpcf7-list-item-label\">\u4e0d\u8981<\/span><\/label><\/span><span class=\"wpcf7-list-item last\"><label><input type=\"radio\" name=\"radio-451\" value=\"\u8981\" \/><span class=\"wpcf7-list-item-label\">\u8981<\/span><\/label><\/span><\/span><\/span><span class=\"wpcf7-form-control-wrap\" data-name=\"text-355\"><input size=\"10\" maxlength=\"400\" class=\"wpcf7-form-control wpcf7-text\" aria-invalid=\"false\" value=\"\" type=\"text\" name=\"text-355\" \/><\/span>\u53f0\n\t\t\t<\/p>\n\t\t<\/td>\n\t<\/tr>\n\t<tr>\n\t\t<th>\n\t\t\t<p>\u30da\u30c3\u30c8\n\t\t\t<\/p>\n\t\t<\/th>\n\t\t<td>\n\t\t\t<p><span class=\"wpcf7-form-control-wrap\" data-name=\"radio-702\"><span class=\"wpcf7-form-control wpcf7-radio\"><span class=\"wpcf7-list-item first\"><label><input type=\"radio\" name=\"radio-702\" value=\"\u3042\u308a\" \/><span class=\"wpcf7-list-item-label\">\u3042\u308a<\/span><\/label><\/span><span class=\"wpcf7-list-item last\"><label><input type=\"radio\" name=\"radio-702\" value=\"\u306a\u3057\" \/><span class=\"wpcf7-list-item-label\">\u306a\u3057<\/span><\/label><\/span><\/span><\/span>\n\t\t\t<\/p>\n\t\t<\/td>\n\t<\/tr>\n\t<tr>\n\t\t<th>\n\t\t\t<p>\u8cc3\u6599\u306e\u3054\u4e88\u7b97\n\t\t\t<\/p>\n\t\t<\/th>\n\t\t<td>\n\t\t\t<p><span class=\"wpcf7-form-control-wrap\" data-name=\"text-852\"><input size=\"10\" maxlength=\"400\" class=\"wpcf7-form-control wpcf7-text\" aria-invalid=\"false\" value=\"\" type=\"text\" name=\"text-852\" \/><\/span>\u4e07\u5186\uff5e<span class=\"wpcf7-form-control-wrap\" data-name=\"text-538\"><input size=\"10\" maxlength=\"400\" class=\"wpcf7-form-control wpcf7-text\" aria-invalid=\"false\" value=\"\" type=\"text\" name=\"text-538\" \/><\/span> \u4e07\u5186\n\t\t\t<\/p>\n\t\t<\/td>\n\t<\/tr>\n\t<tr>\n\t\t<th>\n\t\t\t<p>\u305d\u306e\u4ed6\u7279\u8a18\u4e8b\u9805\n\t\t\t<\/p>\n\t\t<\/th>\n\t\t<td>\n\t\t\t<p><span class=\"wpcf7-form-control-wrap\" data-name=\"textarea-912\"><textarea cols=\"40\" rows=\"3\" maxlength=\"200\" minlength=\"1\" class=\"wpcf7-form-control wpcf7-textarea\" aria-invalid=\"false\" name=\"textarea-912\"><\/textarea><\/span>\n\t\t\t<\/p>\n\t\t<\/td>\n\t<\/tr>\n<\/table>\n<table class=\"CF7_table\">\n\t<tr>\n\t\t<th colspan=\"2\"align=\"center\">\n\t\t\t<p>\u4ee5\u4e0b\u306e\u9805\u76ee\u3082\u3054\u8a18\u5165\u304a\u9858\u3044\u3044\u305f\u3057\u307e\u3059\u3002\n\t\t\t<\/p>\n\t\t<\/th>\n\t<\/tr>\n\t<tr>\n\t\t<th>\n\t\t\t<p><span class=\"CF7_req\">\u5fc5\u9808<\/span> \u304a\u540d\u524d\n\t\t\t<\/p>\n\t\t<\/th>\n\t\t<td>\n\t\t\t<p><span class=\"wpcf7-form-control-wrap\" data-name=\"your-name\"><input size=\"40\" maxlength=\"400\" class=\"wpcf7-form-control wpcf7-text wpcf7-validates-as-required\" aria-required=\"true\" aria-invalid=\"false\" placeholder=\"\u4f8b\uff1a\u3042\u306a\u305f\u306e\u304a\u540d\u524d\" value=\"\" type=\"text\" name=\"your-name\" \/><\/span>\n\t\t\t<\/p>\n\t\t<\/td>\n\t<\/tr>\n\t<tr>\n\t\t<th>\n\t\t\t<p>\u3054\u4f4f\u6240\n\t\t\t<\/p>\n\t\t<\/th>\n\t\t<td class=\"address-100\">\n\t\t\t<p><span class=\"wpcf7-form-control-wrap\" data-name=\"addr\"><input size=\"40\" maxlength=\"400\" class=\"wpcf7-form-control wpcf7-text\" id=\"addr\" aria-invalid=\"false\" placeholder=\"\u4f8b\uff1a\u672d\u5e4c\u5e02\u767d\u77f3\u533a\u672c\u901a10\u4e01\u76ee\" value=\"\" type=\"text\" name=\"addr\" \/><\/span>\n\t\t\t<\/p>\n\t\t<\/td>\n\t<\/tr>\n\t<tr>\n\t\t<th>\n\t\t\t<p>\u304a\u96fb\u8a71\u756a\u53f7\n\t\t\t<\/p>\n\t\t<\/th>\n\t\t<td>\n\t\t\t<p><span class=\"wpcf7-form-control-wrap\" data-name=\"your-tel\"><input size=\"40\" maxlength=\"400\" class=\"wpcf7-form-control wpcf7-text\" aria-invalid=\"false\" placeholder=\"\u4f8b\uff1a011-861-0368\" value=\"\" type=\"text\" name=\"your-tel\" \/><\/span>\n\t\t\t<\/p>\n\t\t<\/td>\n\t<\/tr>\n\t<tr>\n\t\t<th>\n\t\t\t<p><span class=\"CF7_req\">\u5fc5\u9808<\/span> \u30e1\u30fc\u30eb\u30a2\u30c9\u30ec\u30b9\n\t\t\t<\/p>\n\t\t<\/th>\n\t\t<td>\n\t\t\t<p><span class=\"wpcf7-form-control-wrap\" data-name=\"your-email\"><input size=\"40\" maxlength=\"400\" class=\"wpcf7-form-control wpcf7-email wpcf7-validates-as-required wpcf7-text wpcf7-validates-as-email\" aria-required=\"true\" aria-invalid=\"false\" placeholder=\"\u4f8b\uff1a\u00d7\u00d7\u00d7@\u00d7\u00d7\u00d7.com\" value=\"\" type=\"email\" name=\"your-email\" \/><\/span>\n\t\t\t<\/p>\n\t\t<\/td>\n\t<\/tr>\n<\/table>\n<p>\u500b\u4eba\u60c5\u5831\u306e\u53d6\u6271\u306b\u3064\u3044\u3066\u3092\u5fc5\u305a\u3054\u78ba\u8a8d\u3044\u305f\u3060\u304d\u3001\u3054\u627f\u8afe\u306e\u4e0a\u300c\u9001\u4fe1\u5185\u5bb9\u78ba\u8a8d\u753b\u9762\u3078\u300d\u30dc\u30bf\u30f3\u3092\u62bc\u3057\u3066\u304f\u3060\u3055\u3044\u3002<br \/>\n<span class=\"wpcf7-form-control-wrap\" data-name=\"acceptance-596\"><span class=\"wpcf7-form-control wpcf7-acceptance optional\"><span class=\"wpcf7-list-item\"><label><input type=\"checkbox\" name=\"acceptance-596\" value=\"1\" aria-invalid=\"false\" \/><span class=\"wpcf7-list-item-label\"><a href=\"\/privacy-policy\/\" target=\"_blank\" rel=\"noopener noreferrer\" class=\"underline\">\u500b\u4eba\u60c5\u5831\u306e\u53d6\u308a\u6271\u3044\u306b\u3064\u3044\u3066<\/a>\u306b\u540c\u610f\u3059\u308b<\/span><\/label><\/span><\/span><\/span>\n<\/p>\n<p class=\"CF7_btn\"><input class=\"wpcf7-form-control wpcf7-submit has-spinner\" type=\"submit\" value=\"\u5165\u529b\u5185\u5bb9\u306e\u78ba\u8a8d\" \/><input type=\"hidden\" name=\"_cf7msm_multistep_tag\" class=\"wpcf7-form-control wpcf7-multistep cf7msm-multistep\" value=\"{&quot;first_step&quot;:1,&quot;next_url&quot;:&quot;https:\\\/\\\/marutomi-sangyou.co.jp\\\/wordpress\\\/req_rent-confirm&quot;}\" \/><input type=\"hidden\" name=\"cf7msm-no-ss\" value=\"\" \/>\n<\/p><p style=\"display: none !important;\"><label>&#916;<textarea name=\"_wpcf7_ak_hp_textarea\" cols=\"45\" rows=\"8\" maxlength=\"100\"><\/textarea><\/label><input type=\"hidden\" id=\"ak_js_1\" name=\"_wpcf7_ak_js\" value=\"65\"\/><script>document.getElementById( \"ak_js_1\" ).setAttribute( \"value\", ( new Date() ).getTime() );<\/script><\/p><div class=\"wpcf7-response-output\" aria-hidden=\"true\"><\/div>\n<\/form>\n<\/div>\n<\/div>\n\n\n\n\n","protected":false},"excerpt":{"rendered":"<p>\u8cc3\u8cb8\u7269\u4ef6\u30ea\u30af\u30a8\u30b9\u30c8<\/p>\n","protected":false},"author":1,"featured_media":0,"parent":0,"menu_order":0,"comment_status":"closed","ping_status":"closed","template":"","meta":{"swell_btn_cv_data":"","footnotes":""},"class_list":["post-857","page","type-page","status-publish","hentry"],"_links":{"self":[{"href":"https:\/\/marutomi-sangyou.co.jp\/wordpress\/wp-json\/wp\/v2\/pages\/857","targetHints":{"allow":["GET"]}}],"collection":[{"href":"https:\/\/marutomi-sangyou.co.jp\/wordpress\/wp-json\/wp\/v2\/pages"}],"about":[{"href":"https:\/\/marutomi-sangyou.co.jp\/wordpress\/wp-json\/wp\/v2\/types\/page"}],"author":[{"embeddable":true,"href":"https:\/\/marutomi-sangyou.co.jp\/wordpress\/wp-json\/wp\/v2\/users\/1"}],"replies":[{"embeddable":true,"href":"https:\/\/marutomi-sangyou.co.jp\/wordpress\/wp-json\/wp\/v2\/comments?post=857"}],"version-history":[{"count":4,"href":"https:\/\/marutomi-sangyou.co.jp\/wordpress\/wp-json\/wp\/v2\/pages\/857\/revisions"}],"predecessor-version":[{"id":910,"href":"https:\/\/marutomi-sangyou.co.jp\/wordpress\/wp-json\/wp\/v2\/pages\/857\/revisions\/910"}],"wp:attachment":[{"href":"https:\/\/marutomi-sangyou.co.jp\/wordpress\/wp-json\/wp\/v2\/media?parent=857"}],"curies":[{"name":"wp","href":"https:\/\/api.w.org\/{rel}","templated":true}]}}