{"id":373,"date":"2025-02-14T14:00:08","date_gmt":"2025-02-14T05:00:08","guid":{"rendered":"https:\/\/marutomi-sangyou.co.jp\/wordpress\/?page_id=373"},"modified":"2025-03-03T13:11:27","modified_gmt":"2025-03-03T04:11:27","slug":"contact","status":"publish","type":"page","link":"https:\/\/marutomi-sangyou.co.jp\/wordpress\/contact\/","title":{"rendered":"\u304a\u554f\u3044\u5408\u308f\u305b"},"content":{"rendered":"\n<h2 class=\"wp-block-heading\">\u7269\u4ef6\u306b\u95a2\u3059\u308b\u304a\u554f\u3044\u5408\u308f\u305b\u30fb\u3054\u76f8\u8ac7\u306a\u3069\u3001\u4f55\u3067\u3082\u304a\u6c17\u8efd\u306b\u3054\u8a18\u5165\u304f\u3060\u3055\u3044\u3002<\/h2>\n\n\n\n<figure class=\"wp-block-image size-large\"><img decoding=\"async\" width=\"1024\" height=\"681\" data-attachment-id=\"845\" data-permalink=\"https:\/\/marutomi-sangyou.co.jp\/wordpress\/contact\/30938951_m-1\/\" data-orig-file=\"https:\/\/marutomi-sangyou.co.jp\/wordpress\/wp-content\/uploads\/2025\/03\/30938951_m-1.jpg\" data-orig-size=\"1920,1277\" data-comments-opened=\"1\" data-image-meta=\"{&quot;aperture&quot;:&quot;0&quot;,&quot;credit&quot;:&quot;&quot;,&quot;camera&quot;:&quot;&quot;,&quot;caption&quot;:&quot;&quot;,&quot;created_timestamp&quot;:&quot;0&quot;,&quot;copyright&quot;:&quot;&quot;,&quot;focal_length&quot;:&quot;0&quot;,&quot;iso&quot;:&quot;0&quot;,&quot;shutter_speed&quot;:&quot;0&quot;,&quot;title&quot;:&quot;&quot;,&quot;orientation&quot;:&quot;0&quot;}\" data-image-title=\"30938951_m (1)\" data-image-description=\"\" data-image-caption=\"\" data-medium-file=\"https:\/\/marutomi-sangyou.co.jp\/wordpress\/wp-content\/uploads\/2025\/03\/30938951_m-1-300x200.jpg\" data-large-file=\"https:\/\/marutomi-sangyou.co.jp\/wordpress\/wp-content\/uploads\/2025\/03\/30938951_m-1-1024x681.jpg\" src=\"https:\/\/marutomi-sangyou.co.jp\/wordpress\/wp-content\/uploads\/2025\/03\/30938951_m-1-1024x681.jpg\" alt=\"\" class=\"wp-image-845\" srcset=\"https:\/\/marutomi-sangyou.co.jp\/wordpress\/wp-content\/uploads\/2025\/03\/30938951_m-1-1024x681.jpg 1024w, https:\/\/marutomi-sangyou.co.jp\/wordpress\/wp-content\/uploads\/2025\/03\/30938951_m-1-300x200.jpg 300w, https:\/\/marutomi-sangyou.co.jp\/wordpress\/wp-content\/uploads\/2025\/03\/30938951_m-1-768x511.jpg 768w, https:\/\/marutomi-sangyou.co.jp\/wordpress\/wp-content\/uploads\/2025\/03\/30938951_m-1-1536x1022.jpg 1536w, https:\/\/marutomi-sangyou.co.jp\/wordpress\/wp-content\/uploads\/2025\/03\/30938951_m-1.jpg 1920w\" sizes=\"(max-width: 1024px) 100vw, 1024px\" \/><\/figure>\n\n\n\n<div class=\"wpcf7 no-js\" id=\"wpcf7-f400-o1\" lang=\"ja\" dir=\"ltr\" data-wpcf7-id=\"400\">\n<div class=\"screen-reader-response\"><p role=\"status\" aria-live=\"polite\" aria-atomic=\"true\"><\/p> <ul><\/ul><\/div>\n<form action=\"\/wordpress\/wp-json\/wp\/v2\/pages\/373#wpcf7-f400-o1\" method=\"post\" class=\"wpcf7-form init\" aria-label=\"\u30b3\u30f3\u30bf\u30af\u30c8\u30d5\u30a9\u30fc\u30e0\" novalidate=\"novalidate\" data-status=\"init\">\n<div style=\"display: none;\">\n<input type=\"hidden\" name=\"_wpcf7\" value=\"400\" \/>\n<input type=\"hidden\" name=\"_wpcf7_version\" value=\"6.0.4\" \/>\n<input type=\"hidden\" name=\"_wpcf7_locale\" value=\"ja\" \/>\n<input type=\"hidden\" name=\"_wpcf7_unit_tag\" value=\"wpcf7-f400-o1\" \/>\n<input type=\"hidden\" name=\"_wpcf7_container_post\" value=\"0\" \/>\n<input type=\"hidden\" name=\"_wpcf7_posted_data_hash\" value=\"\" \/>\n<input type=\"hidden\" name=\"_wpcf7_recaptcha_response\" value=\"\" \/>\n<\/div>\n<table class=\"CF7_table\">\n\t<tr>\n\t\t<th>\n\t\t\t<p><span class=\"CF7_req\">\u5fc5\u9808<\/span> \u304a\u540d\u524d\n\t\t\t<\/p>\n\t\t<\/th>\n\t\t<td>\n\t\t\t<p><span class=\"wpcf7-form-control-wrap\" data-name=\"your-name\"><input size=\"40\" maxlength=\"400\" class=\"wpcf7-form-control wpcf7-text wpcf7-validates-as-required\" aria-required=\"true\" aria-invalid=\"false\" placeholder=\"\u4f8b\uff1a\u3042\u306a\u305f\u306e\u304a\u540d\u524d\" value=\"\" type=\"text\" name=\"your-name\" \/><\/span>\n\t\t\t<\/p>\n\t\t<\/td>\n\t<\/tr>\n\t<tr>\n\t\t<th>\n\t\t\t<p>\u3054\u4f4f\u6240\n\t\t\t<\/p>\n\t\t<\/th>\n\t\t<td class=\"address-100\">\n\t\t\t<p><span class=\"wpcf7-form-control-wrap\" data-name=\"addr\"><input size=\"40\" maxlength=\"400\" class=\"wpcf7-form-control wpcf7-text\" id=\"addr\" aria-invalid=\"false\" placeholder=\"\u4f8b\uff1a\u672d\u5e4c\u5e02\u767d\u77f3\u533a\u672c\u901a10\u4e01\u76ee\" value=\"\" type=\"text\" name=\"addr\" \/><\/span>\n\t\t\t<\/p>\n\t\t<\/td>\n\t<\/tr>\n\t<tr>\n\t\t<th>\n\t\t\t<p>\u304a\u96fb\u8a71\u756a\u53f7\n\t\t\t<\/p>\n\t\t<\/th>\n\t\t<td>\n\t\t\t<p><span class=\"wpcf7-form-control-wrap\" data-name=\"your-tel\"><input size=\"40\" maxlength=\"400\" class=\"wpcf7-form-control wpcf7-text\" aria-invalid=\"false\" placeholder=\"\u4f8b\uff1a011-861-0368\" value=\"\" type=\"text\" name=\"your-tel\" \/><\/span>\n\t\t\t<\/p>\n\t\t<\/td>\n\t<\/tr>\n\t<tr>\n\t\t<th>\n\t\t\t<p><span class=\"CF7_req\">\u5fc5\u9808<\/span> \u30e1\u30fc\u30eb\u30a2\u30c9\u30ec\u30b9\n\t\t\t<\/p>\n\t\t<\/th>\n\t\t<td>\n\t\t\t<p><span class=\"wpcf7-form-control-wrap\" data-name=\"your-email\"><input size=\"40\" maxlength=\"400\" class=\"wpcf7-form-control wpcf7-email wpcf7-validates-as-required wpcf7-text wpcf7-validates-as-email\" aria-required=\"true\" aria-invalid=\"false\" placeholder=\"\u4f8b\uff1a\u00d7\u00d7\u00d7@\u00d7\u00d7\u00d7.com\" value=\"\" type=\"email\" name=\"your-email\" \/><\/span>\n\t\t\t<\/p>\n\t\t<\/td>\n\t<\/tr>\n\t<tr>\n\t\t<th>\n\t\t\t<p><span class=\"CF7_req\">\u5fc5\u9808<\/span>\u30e1\u30c3\u30bb\u30fc\u30b8\u672c\u6587\n\t\t\t<\/p>\n\t\t<\/th>\n\t\t<td class=\"message-100\">\n\t\t\t<p><span class=\"wpcf7-form-control-wrap\" data-name=\"your-message\"><textarea cols=\"40\" rows=\"10\" maxlength=\"2000\" class=\"wpcf7-form-control wpcf7-textarea wpcf7-validates-as-required\" aria-required=\"true\" aria-invalid=\"false\" placeholder=\"\u304a\u554f\u3044\u5408\u308f\u305b\u5185\u5bb9\u3092\u3054\u8a18\u5165\u304f\u3060\u3055\u3044\" name=\"your-message\"><\/textarea><\/span>\u3000\n\t\t\t<\/p>\n\t\t<\/td>\n\t<\/tr>\n<\/table>\n<p>\u500b\u4eba\u60c5\u5831\u306e\u53d6\u6271\u306b\u3064\u3044\u3066\u3092\u5fc5\u305a\u3054\u78ba\u8a8d\u3044\u305f\u3060\u304d\u3001\u3054\u627f\u8afe\u306e\u4e0a\u300c\u9001\u4fe1\u5185\u5bb9\u78ba\u8a8d\u753b\u9762\u3078\u300d\u30dc\u30bf\u30f3\u3092\u62bc\u3057\u3066\u304f\u3060\u3055\u3044\u3002<br \/>\n<span class=\"wpcf7-form-control-wrap\" data-name=\"acceptance-596\"><span class=\"wpcf7-form-control wpcf7-acceptance optional\"><span class=\"wpcf7-list-item\"><label><input type=\"checkbox\" name=\"acceptance-596\" value=\"1\" aria-invalid=\"false\" \/><span class=\"wpcf7-list-item-label\"><a href=\"\/privacy-policy\/\" target=\"_blank\" rel=\"noopener noreferrer\" class=\"underline\">\u500b\u4eba\u60c5\u5831\u306e\u53d6\u308a\u6271\u3044\u306b\u3064\u3044\u3066<\/a>\u306b\u540c\u610f\u3059\u308b<\/span><\/label><\/span><\/span><\/span>\n<\/p>\n<p class=\"CF7_btn\"><input class=\"wpcf7-form-control wpcf7-submit has-spinner\" type=\"submit\" value=\"\u5165\u529b\u5185\u5bb9\u306e\u78ba\u8a8d\" \/><input type=\"hidden\" name=\"_cf7msm_multistep_tag\" class=\"wpcf7-form-control wpcf7-multistep cf7msm-multistep\" value=\"{&quot;first_step&quot;:1,&quot;next_url&quot;:&quot;https:\\\/\\\/marutomi-sangyou.co.jp\\\/wordpress\\\/contact-confirm\\\/&quot;}\" \/><input type=\"hidden\" name=\"cf7msm-no-ss\" value=\"\" \/>\n<\/p><p style=\"display: none !important;\"><label>&#916;<textarea name=\"_wpcf7_ak_hp_textarea\" cols=\"45\" rows=\"8\" maxlength=\"100\"><\/textarea><\/label><input type=\"hidden\" id=\"ak_js_1\" name=\"_wpcf7_ak_js\" value=\"229\"\/><script>document.getElementById( \"ak_js_1\" ).setAttribute( \"value\", ( new Date() ).getTime() );<\/script><\/p><div class=\"wpcf7-response-output\" aria-hidden=\"true\"><\/div>\n<\/form>\n<\/div>\n\n\n\n\n\n","protected":false},"excerpt":{"rendered":"<p>\u7269\u4ef6\u306b\u95a2\u3059\u308b\u304a\u554f\u3044\u5408\u308f\u305b\u30fb\u3054\u76f8\u8ac7\u306a\u3069\u3001\u4f55\u3067\u3082\u304a\u6c17\u8efd\u306b\u3054\u8a18\u5165\u304f\u3060\u3055\u3044\u3002<\/p>\n","protected":false},"author":1,"featured_media":0,"parent":0,"menu_order":0,"comment_status":"closed","ping_status":"closed","template":"","meta":{"swell_btn_cv_data":"","footnotes":""},"class_list":["post-373","page","type-page","status-publish","hentry"],"jetpack_sharing_enabled":true,"_links":{"self":[{"href":"https:\/\/marutomi-sangyou.co.jp\/wordpress\/wp-json\/wp\/v2\/pages\/373","targetHints":{"allow":["GET"]}}],"collection":[{"href":"https:\/\/marutomi-sangyou.co.jp\/wordpress\/wp-json\/wp\/v2\/pages"}],"about":[{"href":"https:\/\/marutomi-sangyou.co.jp\/wordpress\/wp-json\/wp\/v2\/types\/page"}],"author":[{"embeddable":true,"href":"https:\/\/marutomi-sangyou.co.jp\/wordpress\/wp-json\/wp\/v2\/users\/1"}],"replies":[{"embeddable":true,"href":"https:\/\/marutomi-sangyou.co.jp\/wordpress\/wp-json\/wp\/v2\/comments?post=373"}],"version-history":[{"count":5,"href":"https:\/\/marutomi-sangyou.co.jp\/wordpress\/wp-json\/wp\/v2\/pages\/373\/revisions"}],"predecessor-version":[{"id":846,"href":"https:\/\/marutomi-sangyou.co.jp\/wordpress\/wp-json\/wp\/v2\/pages\/373\/revisions\/846"}],"wp:attachment":[{"href":"https:\/\/marutomi-sangyou.co.jp\/wordpress\/wp-json\/wp\/v2\/media?parent=373"}],"curies":[{"name":"wp","href":"https:\/\/api.w.org\/{rel}","templated":true}]}}